{"id":661,"date":"2024-03-07T10:36:45","date_gmt":"2024-03-07T13:36:45","guid":{"rendered":"https:\/\/dev-lascumbresapart.gnahs.com\/?page_id=661"},"modified":"2024-05-29T09:02:55","modified_gmt":"2024-05-29T12:02:55","slug":"privacy-policy","status":"publish","type":"page","link":"https:\/\/www.lascumbresapart.com.ar\/en\/privacy-policy\/","title":{"rendered":"Privacy policy"},"content":{"rendered":"\t\t<div data-elementor-type=\"wp-page\" data-elementor-id=\"661\" class=\"elementor elementor-661 elementor-660\" data-elementor-post-type=\"page\">\n\t\t\t\t<div class=\"elementor-element elementor-element-391e829 e-flex e-con-boxed e-con e-parent\" data-id=\"391e829\" data-element_type=\"container\" data-settings=\"{&quot;background_background&quot;:&quot;classic&quot;}\">\n\t\t\t\t\t<div class=\"e-con-inner\">\n\t\t\t\t<div class=\"elementor-element elementor-element-65252e79 elementor-widget elementor-widget-heading\" data-id=\"65252e79\" data-element_type=\"widget\" data-widget_type=\"heading.default\">\n\t\t\t\t<div class=\"elementor-widget-container\">\n\t\t\t<style>\/*! elementor - v3.21.0 - 26-05-2024 *\/\n.elementor-heading-title{padding:0;margin:0;line-height:1}.elementor-widget-heading .elementor-heading-title[class*=elementor-size-]>a{color:inherit;font-size:inherit;line-height:inherit}.elementor-widget-heading .elementor-heading-title.elementor-size-small{font-size:15px}.elementor-widget-heading .elementor-heading-title.elementor-size-medium{font-size:19px}.elementor-widget-heading .elementor-heading-title.elementor-size-large{font-size:29px}.elementor-widget-heading .elementor-heading-title.elementor-size-xl{font-size:39px}.elementor-widget-heading .elementor-heading-title.elementor-size-xxl{font-size:59px}<\/style><div class=\"elementor-heading-title elementor-size-default\">Privacy policy<\/div>\t\t<\/div>\n\t\t\t\t<\/div>\n\t\t\t\t<div class=\"elementor-element elementor-element-41191bc1 elementor-icon-list--layout-inline elementor-align-center elementor-list-item-link-full_width elementor-widget elementor-widget-icon-list\" data-id=\"41191bc1\" data-element_type=\"widget\" data-widget_type=\"icon-list.default\">\n\t\t\t\t<div class=\"elementor-widget-container\">\n\t\t\t<link rel=\"stylesheet\" href=\"https:\/\/www.lascumbresapart.com.ar\/wp-content\/plugins\/elementor\/assets\/css\/widget-icon-list.min.css\">\t\t<ul class=\"elementor-icon-list-items elementor-inline-items\">\n\t\t\t\t\t\t\t<li class=\"elementor-icon-list-item elementor-inline-item\">\n\t\t\t\t\t\t\t\t\t\t\t<a href=\"https:\/\/www.lascumbresapart.com.ar\/en\/\">\n\n\t\t\t\t\t\t\t\t\t\t\t<span class=\"elementor-icon-list-text\">Home <\/span>\n\t\t\t\t\t\t\t\t\t\t\t<\/a>\n\t\t\t\t\t\t\t\t\t<\/li>\n\t\t\t\t\t\t\t\t<li class=\"elementor-icon-list-item elementor-inline-item\">\n\t\t\t\t\t\t\t\t\t\t\t<span class=\"elementor-icon-list-icon\">\n\t\t\t\t\t\t\t<svg aria-hidden=\"true\" class=\"e-font-icon-svg e-fas-chevron-right\" viewBox=\"0 0 320 512\" xmlns=\"http:\/\/www.w3.org\/2000\/svg\"><path d=\"M285.476 272.971L91.132 467.314c-9.373 9.373-24.569 9.373-33.941 0l-22.667-22.667c-9.357-9.357-9.375-24.522-.04-33.901L188.505 256 34.484 101.255c-9.335-9.379-9.317-24.544.04-33.901l22.667-22.667c9.373-9.373 24.569-9.373 33.941 0L285.475 239.03c9.373 9.372 9.373 24.568.001 33.941z\"><\/path><\/svg>\t\t\t\t\t\t<\/span>\n\t\t\t\t\t\t\t\t\t\t<span class=\"elementor-icon-list-text\">Privacy policy<\/span>\n\t\t\t\t\t\t\t\t\t<\/li>\n\t\t\t\t\t\t<\/ul>\n\t\t\t\t<\/div>\n\t\t\t\t<\/div>\n\t\t\t\t\t<\/div>\n\t\t\t\t<\/div>\n\t\t<div class=\"elementor-element elementor-element-4b916d17 e-flex e-con-boxed e-con e-parent\" data-id=\"4b916d17\" data-element_type=\"container\">\n\t\t\t\t\t<div class=\"e-con-inner\">\n\t\t<div class=\"elementor-element elementor-element-1704ffb1 e-flex e-con-boxed e-con e-child\" data-id=\"1704ffb1\" data-element_type=\"container\">\n\t\t\t\t\t<div class=\"e-con-inner\">\n\t\t\t\t<div class=\"elementor-element elementor-element-75e37d3a elementor-widget elementor-widget-heading\" data-id=\"75e37d3a\" data-element_type=\"widget\" data-widget_type=\"heading.default\">\n\t\t\t\t<div class=\"elementor-widget-container\">\n\t\t\t<div class=\"elementor-heading-title elementor-size-default\">LEGAL TEXTS<\/div>\t\t<\/div>\n\t\t\t\t<\/div>\n\t\t\t\t<div class=\"elementor-element elementor-element-1252f59 elementor-widget elementor-widget-heading\" data-id=\"1252f59\" data-element_type=\"widget\" data-widget_type=\"heading.default\">\n\t\t\t\t<div class=\"elementor-widget-container\">\n\t\t\t<h1 class=\"elementor-heading-title elementor-size-default\">Privacy policy of Las Cumbres Apart &amp; Suites<\/h1>\t\t<\/div>\n\t\t\t\t<\/div>\n\t\t\t\t\t<\/div>\n\t\t\t\t<\/div>\n\t\t<div class=\"elementor-element elementor-element-4abb49fc e-flex e-con-boxed e-con e-child\" data-id=\"4abb49fc\" data-element_type=\"container\">\n\t\t\t\t\t<div class=\"e-con-inner\">\n\t\t\t\t<div class=\"elementor-element elementor-element-2f38bc9 elementor-widget elementor-widget-text-editor\" data-id=\"2f38bc9\" data-element_type=\"widget\" data-widget_type=\"text-editor.default\">\n\t\t\t\t<div class=\"elementor-widget-container\">\n\t\t\t<style>\/*! elementor - v3.21.0 - 26-05-2024 *\/\n.elementor-widget-text-editor.elementor-drop-cap-view-stacked .elementor-drop-cap{background-color:#69727d;color:#fff}.elementor-widget-text-editor.elementor-drop-cap-view-framed .elementor-drop-cap{color:#69727d;border:3px solid;background-color:transparent}.elementor-widget-text-editor:not(.elementor-drop-cap-view-default) .elementor-drop-cap{margin-top:8px}.elementor-widget-text-editor:not(.elementor-drop-cap-view-default) .elementor-drop-cap-letter{width:1em;height:1em}.elementor-widget-text-editor .elementor-drop-cap{float:left;text-align:center;line-height:1;font-size:50px}.elementor-widget-text-editor .elementor-drop-cap-letter{display:inline-block}<\/style>\t\t\t\t<h2>Privacy policy<\/h2><p>Las Cumbres Apart &amp; Suites, S.L., through its website &#8216;<a href=\"https:\/\/www.lascumbresapart.com.ar\/\">https:\/\/www.lascumbresapart.com.ar\/<\/a>&#8216;, requests certain personal data from the User. The data provided by the User will be incorporated into an automated file of personal data, owned by Las Cumbres Apart &amp; Suites, S.L., which will be processed in order to provide the services requested by the User. The User authorises the automated processing of the personal data provided, necessary for the provision of the agreed services.<\/p><p>The personal information collected from registered customers is stored in a database owned by Las Cumbres Apart &amp; Suites, S.L., which assumes the technical, organisational and security measures that guarantee the confidentiality and integrity of the information in accordance with the provisions of Organic Law 15\/1999 of 13 December. of Personal Data Protection, and other applicable legislation.<\/p><p><span style=\"text-align: var(--text-align); color: var( --e-global-color-text ); font-family: var( --e-global-typography-text-font-family ), Sans-serif; font-size: var( --e-global-typography-text-font-size ); font-weight: var( --e-global-typography-text-font-weight ); text-transform: var( --e-global-typography-text-text-transform );\">Las Cumbres Apart &amp; Suites<\/span>, S.L., through its website, will use the data provided by the User internally to inform the User of offers and promotions that may be of interest to the User.<\/p><p>The user accepts that his\/her personal data will be transferred to other companies (hotels) of the group to which Las Cumbres Apart &amp; Suites, S.L. belongs, as well as to others with which collaboration agreements are concluded with the sole purpose of providing a better service, respecting in all cases, the Spanish legislation on the protection of personal data.<\/p><p><span style=\"text-align: var(--text-align); color: var( --e-global-color-text ); font-family: var( --e-global-typography-text-font-family ), Sans-serif; font-size: var( --e-global-typography-text-font-size ); font-weight: var( --e-global-typography-text-font-weight ); text-transform: var( --e-global-typography-text-text-transform );\">Las Cumbres Apart &amp; Suites<\/span>, S.L., through its website, will use cookies when the User browses the website of Las Cumbres Apart &amp; Suites. Cookies are only associated with an anonymous User and his\/her computer and do not provide references that allow the User&#8217;s first and last name to be deduced. Thanks to cookies, it is possible for you to recognise registered Users after they have registered for the first time, without them having to register each time you visit to access the areas and services reserved exclusively for them. The User has the option to prevent the generation of cookies by selecting the corresponding option in their browser program.<\/p><p>Any registered user may, at any time, exercise the right to access, rectify and, where appropriate, cancel their personal data provided on the website <a href=\"https:\/\/www.lascumbresapart.com.ar\/\">https:\/\/www.lascumbresapart.com.ar\/<\/a>, by means of a written communication addressed to\u00a0<span style=\"text-align: var(--text-align); color: var( --e-global-color-text ); font-family: var( --e-global-typography-text-font-family ), Sans-serif; font-size: var( --e-global-typography-text-font-size ); font-weight: var( --e-global-typography-text-font-weight ); text-transform: var( --e-global-typography-text-text-transform );\">Las Cumbres Apart &amp; Suites<\/span><span style=\"text-align: var(--text-align); color: var( --e-global-color-text ); font-family: var( --e-global-typography-text-font-family ), Sans-serif; font-size: var( --e-global-typography-text-font-size ); font-weight: var( --e-global-typography-text-font-weight ); text-transform: var( --e-global-typography-text-text-transform );\">, S.L<\/span>., <span style=\"text-align: var(--text-align); color: var( --e-global-color-text ); font-family: var( --e-global-typography-text-font-family ), Sans-serif; font-size: var( --e-global-typography-text-font-size ); font-weight: var( --e-global-typography-text-font-weight ); text-transform: var( --e-global-typography-text-text-transform );\">Altos del Sol &#8211; Calle Pir\u00e9n 236, San Mart\u00edn de los Andes &#8211; Neuqu\u00e9n, Patagonia &#8211; Argentina; This communication may also be made by sending an e-mail to the following address:<\/span> <a href=\"mailto:info@lascumpresapart.com.ar\">info@lascumpresapart.com.ar<\/a><span style=\"text-align: var(--text-align); color: var( --e-global-color-text ); font-family: var( --e-global-typography-text-font-family ), Sans-serif; font-size: var( --e-global-typography-text-font-size ); font-weight: var( --e-global-typography-text-font-weight ); text-transform: var( --e-global-typography-text-text-transform );\">.<\/span><\/p><p>\u00a0<\/p><h2>Data Protection<\/h2><p>In compliance with article 5 of Organic Law 17\/1999 of 3 December on the Protection of Personal Data,\u00a0<span style=\"color: var( --e-global-color-text ); font-family: var( --e-global-typography-text-font-family ), Sans-serif; font-size: var( --e-global-typography-text-font-size ); font-weight: var( --e-global-typography-text-font-weight ); text-align: var(--text-align); text-transform: var( --e-global-typography-text-text-transform );\">Las Cumbres Apart &amp; Suites<\/span>, S.L. \u00a0informa that the personal data collected from this website will be treated with the highest degree of confidentiality. The data collected will be incorporated into the\u00a0<span style=\"color: var( --e-global-color-text ); font-family: var( --e-global-typography-text-font-family ), Sans-serif; font-size: var( --e-global-typography-text-font-size ); font-weight: var( --e-global-typography-text-font-weight ); text-align: var(--text-align); text-transform: var( --e-global-typography-text-text-transform );\">Las Cumbres Apart &amp; Suites<\/span>, S.L., and will be treated in accordance with data protection regulations and always with a guarantee of the right to privacy of customers. They will only be transferred to group companies\u00a0<span style=\"color: var( --e-global-color-text ); font-family: var( --e-global-typography-text-font-family ), Sans-serif; font-size: var( --e-global-typography-text-font-size ); font-weight: var( --e-global-typography-text-font-weight ); text-align: var(--text-align); text-transform: var( --e-global-typography-text-text-transform );\">Las Cumbres Apart &amp; Suites<\/span>, S.L. \u00a0con the same purpose of offering the services of its establishments. Under no circumstances will they be transferred to third parties without the prior consent of the interested party, except in the cases provided for by law.<\/p><p>\u00a0<\/p>\t\t\t\t\t\t<\/div>\n\t\t\t\t<\/div>\n\t\t\t\t\t<\/div>\n\t\t\t\t<\/div>\n\t\t\t\t\t<\/div>\n\t\t\t\t<\/div>\n\t\t<div class=\"elementor-element elementor-element-7a297fef e-con-full e-flex e-con e-parent\" data-id=\"7a297fef\" data-element_type=\"container\">\n\t\t\t\t<\/div>\n\t\t\t\t<\/div>\n\t\t","protected":false},"excerpt":{"rendered":"<p>Privacy policy Home Privacy policy LEGAL TEXTS Privacy policy of Las Cumbres Apart &amp; Suites Privacy policy Las Cumbres Apart &amp; Suites, S.L., through its website &#8216;https:\/\/www.lascumbresapart.com.ar\/&#8216;, requests certain personal data from the User. The data provided by the User will be incorporated into an automated file of personal data, owned by Las Cumbres Apart [&hellip;]<\/p>\n","protected":false},"author":4,"featured_media":0,"parent":0,"menu_order":73,"comment_status":"closed","ping_status":"closed","template":"","meta":{"footnotes":""},"class_list":["post-661","page","type-page","status-publish","hentry"],"yoast_head":"<!-- This site is optimized with the Yoast SEO Premium plugin v22.8 (Yoast SEO v22.8) - https:\/\/yoast.com\/wordpress\/plugins\/seo\/ -->\n<title>Privacy policy - Las Cumbres Apart &amp; Suites, Argentina<\/title>\n<meta name=\"description\" content=\"Check the privacy policy of Las Cumbres Apart &amp; Suites website and book your accommodation in San Mart\u00edn de los Andes, Patagonia (Argentina).\" \/>\n<meta name=\"robots\" content=\"noindex, follow\" \/>\n<meta property=\"og:locale\" content=\"en_US\" \/>\n<meta property=\"og:type\" content=\"article\" \/>\n<meta property=\"og:title\" content=\"Privacy policy\" \/>\n<meta property=\"og:description\" content=\"Check the privacy policy of Las Cumbres Apart &amp; Suites website and book your accommodation in San Mart\u00edn de los Andes, Patagonia (Argentina).\" \/>\n<meta property=\"og:url\" content=\"https:\/\/www.lascumbresapart.com.ar\/en\/privacy-policy\/\" \/>\n<meta property=\"og:site_name\" content=\"Las Cumbres Apart &amp; Suites\" \/>\n<meta property=\"article:modified_time\" content=\"2024-05-29T12:02:55+00:00\" \/>\n<meta property=\"og:image\" content=\"https:\/\/www.lascumbresapart.com.ar\/wp-content\/uploads\/2024\/08\/piscina.webp\" \/>\n\t<meta property=\"og:image:width\" content=\"1280\" \/>\n\t<meta property=\"og:image:height\" content=\"718\" \/>\n\t<meta property=\"og:image:type\" content=\"image\/webp\" \/>\n<meta name=\"twitter:card\" content=\"summary_large_image\" \/>\n<meta name=\"twitter:label1\" content=\"Est. reading time\" \/>\n\t<meta name=\"twitter:data1\" content=\"3 minutes\" \/>\n<script type=\"application\/ld+json\" class=\"yoast-schema-graph\">{\"@context\":\"https:\/\/schema.org\",\"@graph\":[{\"@type\":\"WebPage\",\"@id\":\"https:\/\/www.lascumbresapart.com.ar\/en\/privacy-policy\/\",\"url\":\"https:\/\/www.lascumbresapart.com.ar\/en\/privacy-policy\/\",\"name\":\"Privacy policy - Las Cumbres Apart & Suites, Argentina\",\"isPartOf\":{\"@id\":\"https:\/\/www.lascumbresapart.com.ar\/en\/#website\"},\"datePublished\":\"2024-03-07T13:36:45+00:00\",\"dateModified\":\"2024-05-29T12:02:55+00:00\",\"description\":\"Check the privacy policy of Las Cumbres Apart & Suites website and book your accommodation in San Mart\u00edn de los Andes, Patagonia (Argentina).\",\"breadcrumb\":{\"@id\":\"https:\/\/www.lascumbresapart.com.ar\/en\/privacy-policy\/#breadcrumb\"},\"inLanguage\":\"en-US\",\"potentialAction\":[{\"@type\":\"ReadAction\",\"target\":[\"https:\/\/www.lascumbresapart.com.ar\/en\/privacy-policy\/\"]}]},{\"@type\":\"BreadcrumbList\",\"@id\":\"https:\/\/www.lascumbresapart.com.ar\/en\/privacy-policy\/#breadcrumb\",\"itemListElement\":[{\"@type\":\"ListItem\",\"position\":1,\"name\":\"Home\",\"item\":\"https:\/\/www.lascumbresapart.com.ar\/en\/home\/\"},{\"@type\":\"ListItem\",\"position\":2,\"name\":\"Privacy policy\"}]},{\"@type\":\"WebSite\",\"@id\":\"https:\/\/www.lascumbresapart.com.ar\/en\/#website\",\"url\":\"https:\/\/www.lascumbresapart.com.ar\/en\/\",\"name\":\"Las Cumbres Apart &amp; Suites\",\"description\":\"\",\"publisher\":{\"@id\":\"https:\/\/www.lascumbresapart.com.ar\/en\/#organization\"},\"potentialAction\":[{\"@type\":\"SearchAction\",\"target\":{\"@type\":\"EntryPoint\",\"urlTemplate\":\"https:\/\/www.lascumbresapart.com.ar\/en\/?s={search_term_string}\"},\"query-input\":\"required name=search_term_string\"}],\"inLanguage\":\"en-US\"},{\"@type\":\"Organization\",\"@id\":\"https:\/\/www.lascumbresapart.com.ar\/en\/#organization\",\"name\":\"Las Cumbres Apart &amp; Suites\",\"url\":\"https:\/\/www.lascumbresapart.com.ar\/en\/\",\"logo\":{\"@type\":\"ImageObject\",\"inLanguage\":\"en-US\",\"@id\":\"https:\/\/www.lascumbresapart.com.ar\/en\/#\/schema\/logo\/image\/\",\"url\":\"https:\/\/www.lascumbresapart.com.ar\/wp-content\/uploads\/2024\/02\/las-cumbres-horitzontal-white.svg\",\"contentUrl\":\"https:\/\/www.lascumbresapart.com.ar\/wp-content\/uploads\/2024\/02\/las-cumbres-horitzontal-white.svg\",\"caption\":\"Las Cumbres Apart &amp; Suites\"},\"image\":{\"@id\":\"https:\/\/www.lascumbresapart.com.ar\/en\/#\/schema\/logo\/image\/\"}}]}<\/script>\n<!-- \/ Yoast SEO Premium plugin. -->","yoast_head_json":{"title":"Privacy policy - Las Cumbres Apart & Suites, Argentina","description":"Check the privacy policy of Las Cumbres Apart & Suites website and book your accommodation in San Mart\u00edn de los Andes, Patagonia (Argentina).","robots":{"index":"noindex","follow":"follow"},"og_locale":"en_US","og_type":"article","og_title":"Privacy policy","og_description":"Check the privacy policy of Las Cumbres Apart & Suites website and book your accommodation in San Mart\u00edn de los Andes, Patagonia (Argentina).","og_url":"https:\/\/www.lascumbresapart.com.ar\/en\/privacy-policy\/","og_site_name":"Las Cumbres Apart &amp; Suites","article_modified_time":"2024-05-29T12:02:55+00:00","og_image":[{"width":1280,"height":718,"url":"https:\/\/www.lascumbresapart.com.ar\/wp-content\/uploads\/2024\/08\/piscina.webp","type":"image\/webp"}],"twitter_card":"summary_large_image","twitter_misc":{"Est. reading time":"3 minutes"},"schema":{"@context":"https:\/\/schema.org","@graph":[{"@type":"WebPage","@id":"https:\/\/www.lascumbresapart.com.ar\/en\/privacy-policy\/","url":"https:\/\/www.lascumbresapart.com.ar\/en\/privacy-policy\/","name":"Privacy policy - Las Cumbres Apart & Suites, Argentina","isPartOf":{"@id":"https:\/\/www.lascumbresapart.com.ar\/en\/#website"},"datePublished":"2024-03-07T13:36:45+00:00","dateModified":"2024-05-29T12:02:55+00:00","description":"Check the privacy policy of Las Cumbres Apart & Suites website and book your accommodation in San Mart\u00edn de los Andes, Patagonia (Argentina).","breadcrumb":{"@id":"https:\/\/www.lascumbresapart.com.ar\/en\/privacy-policy\/#breadcrumb"},"inLanguage":"en-US","potentialAction":[{"@type":"ReadAction","target":["https:\/\/www.lascumbresapart.com.ar\/en\/privacy-policy\/"]}]},{"@type":"BreadcrumbList","@id":"https:\/\/www.lascumbresapart.com.ar\/en\/privacy-policy\/#breadcrumb","itemListElement":[{"@type":"ListItem","position":1,"name":"Home","item":"https:\/\/www.lascumbresapart.com.ar\/en\/home\/"},{"@type":"ListItem","position":2,"name":"Privacy policy"}]},{"@type":"WebSite","@id":"https:\/\/www.lascumbresapart.com.ar\/en\/#website","url":"https:\/\/www.lascumbresapart.com.ar\/en\/","name":"Las Cumbres Apart &amp; Suites","description":"","publisher":{"@id":"https:\/\/www.lascumbresapart.com.ar\/en\/#organization"},"potentialAction":[{"@type":"SearchAction","target":{"@type":"EntryPoint","urlTemplate":"https:\/\/www.lascumbresapart.com.ar\/en\/?s={search_term_string}"},"query-input":"required name=search_term_string"}],"inLanguage":"en-US"},{"@type":"Organization","@id":"https:\/\/www.lascumbresapart.com.ar\/en\/#organization","name":"Las Cumbres Apart &amp; Suites","url":"https:\/\/www.lascumbresapart.com.ar\/en\/","logo":{"@type":"ImageObject","inLanguage":"en-US","@id":"https:\/\/www.lascumbresapart.com.ar\/en\/#\/schema\/logo\/image\/","url":"https:\/\/www.lascumbresapart.com.ar\/wp-content\/uploads\/2024\/02\/las-cumbres-horitzontal-white.svg","contentUrl":"https:\/\/www.lascumbresapart.com.ar\/wp-content\/uploads\/2024\/02\/las-cumbres-horitzontal-white.svg","caption":"Las Cumbres Apart &amp; Suites"},"image":{"@id":"https:\/\/www.lascumbresapart.com.ar\/en\/#\/schema\/logo\/image\/"}}]}},"_links":{"self":[{"href":"https:\/\/www.lascumbresapart.com.ar\/en\/wp-json\/wp\/v2\/pages\/661","targetHints":{"allow":["GET"]}}],"collection":[{"href":"https:\/\/www.lascumbresapart.com.ar\/en\/wp-json\/wp\/v2\/pages"}],"about":[{"href":"https:\/\/www.lascumbresapart.com.ar\/en\/wp-json\/wp\/v2\/types\/page"}],"author":[{"embeddable":true,"href":"https:\/\/www.lascumbresapart.com.ar\/en\/wp-json\/wp\/v2\/users\/4"}],"replies":[{"embeddable":true,"href":"https:\/\/www.lascumbresapart.com.ar\/en\/wp-json\/wp\/v2\/comments?post=661"}],"version-history":[{"count":12,"href":"https:\/\/www.lascumbresapart.com.ar\/en\/wp-json\/wp\/v2\/pages\/661\/revisions"}],"predecessor-version":[{"id":3346,"href":"https:\/\/www.lascumbresapart.com.ar\/en\/wp-json\/wp\/v2\/pages\/661\/revisions\/3346"}],"wp:attachment":[{"href":"https:\/\/www.lascumbresapart.com.ar\/en\/wp-json\/wp\/v2\/media?parent=661"}],"curies":[{"name":"wp","href":"https:\/\/api.w.org\/{rel}","templated":true}]}}