{"id":684,"date":"2024-03-07T10:52:01","date_gmt":"2024-03-07T10:52:01","guid":{"rendered":"https:\/\/dev-lascumbresapart.gnahs.com\/?page_id=684"},"modified":"2024-05-29T08:36:09","modified_gmt":"2024-05-29T11:36:09","slug":"aviso-legal","status":"publish","type":"page","link":"https:\/\/www.lascumbresapart.com.ar\/es\/aviso-legal\/","title":{"rendered":"Textos legales"},"content":{"rendered":"\t\t<div data-elementor-type=\"wp-page\" data-elementor-id=\"684\" class=\"elementor elementor-684\" data-elementor-post-type=\"page\">\n\t\t\t\t<div class=\"elementor-element elementor-element-391e829 e-flex e-con-boxed e-con e-parent\" data-id=\"391e829\" data-element_type=\"container\" data-settings=\"{&quot;background_background&quot;:&quot;classic&quot;}\">\n\t\t\t\t\t<div class=\"e-con-inner\">\n\t\t\t\t<div class=\"elementor-element elementor-element-65252e79 elementor-widget elementor-widget-heading\" data-id=\"65252e79\" data-element_type=\"widget\" data-widget_type=\"heading.default\">\n\t\t\t\t<div class=\"elementor-widget-container\">\n\t\t\t<style>\/*! elementor - v3.21.0 - 26-05-2024 *\/\n.elementor-heading-title{padding:0;margin:0;line-height:1}.elementor-widget-heading .elementor-heading-title[class*=elementor-size-]>a{color:inherit;font-size:inherit;line-height:inherit}.elementor-widget-heading .elementor-heading-title.elementor-size-small{font-size:15px}.elementor-widget-heading .elementor-heading-title.elementor-size-medium{font-size:19px}.elementor-widget-heading .elementor-heading-title.elementor-size-large{font-size:29px}.elementor-widget-heading .elementor-heading-title.elementor-size-xl{font-size:39px}.elementor-widget-heading .elementor-heading-title.elementor-size-xxl{font-size:59px}<\/style><div class=\"elementor-heading-title elementor-size-default\">Textos legales<\/div>\t\t<\/div>\n\t\t\t\t<\/div>\n\t\t\t\t<div class=\"elementor-element elementor-element-41191bc1 elementor-icon-list--layout-inline elementor-align-center elementor-list-item-link-full_width elementor-widget elementor-widget-icon-list\" data-id=\"41191bc1\" data-element_type=\"widget\" data-widget_type=\"icon-list.default\">\n\t\t\t\t<div class=\"elementor-widget-container\">\n\t\t\t<link rel=\"stylesheet\" href=\"https:\/\/www.lascumbresapart.com.ar\/wp-content\/plugins\/elementor\/assets\/css\/widget-icon-list.min.css\">\t\t<ul class=\"elementor-icon-list-items elementor-inline-items\">\n\t\t\t\t\t\t\t<li class=\"elementor-icon-list-item elementor-inline-item\">\n\t\t\t\t\t\t\t\t\t\t\t<a href=\"https:\/\/www.lascumbresapart.com.ar\">\n\n\t\t\t\t\t\t\t\t\t\t\t<span class=\"elementor-icon-list-text\">Home <\/span>\n\t\t\t\t\t\t\t\t\t\t\t<\/a>\n\t\t\t\t\t\t\t\t\t<\/li>\n\t\t\t\t\t\t\t\t<li class=\"elementor-icon-list-item elementor-inline-item\">\n\t\t\t\t\t\t\t\t\t\t\t<span class=\"elementor-icon-list-icon\">\n\t\t\t\t\t\t\t<svg aria-hidden=\"true\" class=\"e-font-icon-svg e-fas-chevron-right\" viewBox=\"0 0 320 512\" xmlns=\"http:\/\/www.w3.org\/2000\/svg\"><path d=\"M285.476 272.971L91.132 467.314c-9.373 9.373-24.569 9.373-33.941 0l-22.667-22.667c-9.357-9.357-9.375-24.522-.04-33.901L188.505 256 34.484 101.255c-9.335-9.379-9.317-24.544.04-33.901l22.667-22.667c9.373-9.373 24.569-9.373 33.941 0L285.475 239.03c9.373 9.372 9.373 24.568.001 33.941z\"><\/path><\/svg>\t\t\t\t\t\t<\/span>\n\t\t\t\t\t\t\t\t\t\t<span class=\"elementor-icon-list-text\">Textos legales<\/span>\n\t\t\t\t\t\t\t\t\t<\/li>\n\t\t\t\t\t\t<\/ul>\n\t\t\t\t<\/div>\n\t\t\t\t<\/div>\n\t\t\t\t\t<\/div>\n\t\t\t\t<\/div>\n\t\t<div class=\"elementor-element elementor-element-f8b95bd e-flex e-con-boxed e-con e-parent\" data-id=\"f8b95bd\" data-element_type=\"container\" data-settings=\"{&quot;motion_fx_motion_fx_scrolling&quot;:&quot;yes&quot;,&quot;motion_fx_translateY_effect&quot;:&quot;yes&quot;,&quot;motion_fx_devices&quot;:[&quot;desktop&quot;,&quot;tablet&quot;],&quot;motion_fx_translateY_speed&quot;:{&quot;unit&quot;:&quot;px&quot;,&quot;size&quot;:4,&quot;sizes&quot;:[]},&quot;motion_fx_translateY_affectedRange&quot;:{&quot;unit&quot;:&quot;%&quot;,&quot;size&quot;:&quot;&quot;,&quot;sizes&quot;:{&quot;start&quot;:0,&quot;end&quot;:100}}}\">\n\t\t\t\t\t<div class=\"e-con-inner\">\n\t\t<div class=\"elementor-element elementor-element-234be06 e-flex e-con-boxed e-con e-child\" data-id=\"234be06\" data-element_type=\"container\">\n\t\t\t\t\t<div class=\"e-con-inner\">\n\t\t\t\t<div class=\"elementor-element elementor-element-8d67e4a elementor-widget elementor-widget-heading\" data-id=\"8d67e4a\" data-element_type=\"widget\" data-widget_type=\"heading.default\">\n\t\t\t\t<div class=\"elementor-widget-container\">\n\t\t\t<div class=\"elementor-heading-title elementor-size-default\">Textos legales<\/div>\t\t<\/div>\n\t\t\t\t<\/div>\n\t\t\t\t<div class=\"elementor-element elementor-element-35060b3 elementor-widget elementor-widget-heading\" data-id=\"35060b3\" data-element_type=\"widget\" data-widget_type=\"heading.default\">\n\t\t\t\t<div class=\"elementor-widget-container\">\n\t\t\t<h1 class=\"elementor-heading-title elementor-size-default\">Aviso legal de Las Cumbres Apart & Suites<\/h1>\t\t<\/div>\n\t\t\t\t<\/div>\n\t\t\t\t\t<\/div>\n\t\t\t\t<\/div>\n\t\t<div class=\"elementor-element elementor-element-173c315 e-flex e-con-boxed e-con e-child\" data-id=\"173c315\" data-element_type=\"container\">\n\t\t\t\t\t<div class=\"e-con-inner\">\n\t\t\t\t<div class=\"elementor-element elementor-element-92132b6 elementor-widget elementor-widget-text-editor\" data-id=\"92132b6\" data-element_type=\"widget\" data-widget_type=\"text-editor.default\">\n\t\t\t\t<div class=\"elementor-widget-container\">\n\t\t\t<style>\/*! elementor - v3.21.0 - 26-05-2024 *\/\n.elementor-widget-text-editor.elementor-drop-cap-view-stacked .elementor-drop-cap{background-color:#69727d;color:#fff}.elementor-widget-text-editor.elementor-drop-cap-view-framed .elementor-drop-cap{color:#69727d;border:3px solid;background-color:transparent}.elementor-widget-text-editor:not(.elementor-drop-cap-view-default) .elementor-drop-cap{margin-top:8px}.elementor-widget-text-editor:not(.elementor-drop-cap-view-default) .elementor-drop-cap-letter{width:1em;height:1em}.elementor-widget-text-editor .elementor-drop-cap{float:left;text-align:center;line-height:1;font-size:50px}.elementor-widget-text-editor .elementor-drop-cap-letter{display:inline-block}<\/style>\t\t\t\t<h3>Aviso Legal<\/h3><p><strong>Informaci\u00f3n General<\/strong><\/p><p>El presente aviso legal regula el uso del sitio web <a href=\"http:\/\/www.lascumbresapart.com\">www.lascumbresapart.com<\/a> (en adelante, \u00abel sitio web\u00bb), del cual es titular Las Cumbres Apart &amp; Suites, con domicilio en San Mart\u00edn de los Andes, Neuqu\u00e9n, Argentina.<\/p><p><strong>Condiciones de Uso<\/strong><\/p><p>El acceso y uso del sitio web atribuye la condici\u00f3n de usuario e implica la aceptaci\u00f3n plena y sin reservas de todas y cada una de las disposiciones incluidas en este aviso legal en la versi\u00f3n publicada por Las Cumbres Apart &amp; Suites en el momento mismo en que el usuario acceda al sitio web. En consecuencia, el usuario debe leer atentamente el presente aviso legal en cada una de las ocasiones en que se proponga utilizar el sitio web, ya que puede sufrir modificaciones.<\/p><p><strong>Propiedad Intelectual e Industrial<\/strong><\/p><p>Los contenidos del sitio web, incluyendo, entre otros, im\u00e1genes, logotipos, gr\u00e1ficos, animaciones, textos o aplicaciones inform\u00e1ticas, sean cual fuere su formato, lenguaje de programaci\u00f3n y forma de representaci\u00f3n, as\u00ed como el nombre de dominio <a href=\"http:\/\/www.lascumbresapart.com\">www.lascumbresapart.com<\/a>, son propiedad de Las Cumbres Apart &amp; Suites, o bien ha adquirido los correspondientes derechos de sus propietarios, y est\u00e1n protegidos por las leyes y tratados internacionales en materia de propiedad intelectual e industrial, as\u00ed como por las normas reguladoras de los nombres de dominio.<\/p><p>Queda prohibido cualquier uso de los contenidos del sitio web, incluidos su reproducci\u00f3n, modificaci\u00f3n, distribuci\u00f3n, transmisi\u00f3n, posterior publicaci\u00f3n, exhibici\u00f3n o representaci\u00f3n total o parcial, sin consentimiento expreso de Las Cumbres Apart &amp; Suites.<\/p><p><strong>Protecci\u00f3n de Datos Personales<\/strong><\/p><p>Las Cumbres Apart &amp; Suites se compromete a cumplir con la normativa vigente en materia de protecci\u00f3n de datos personales. Para m\u00e1s informaci\u00f3n sobre el tratamiento de sus datos personales, consulte nuestra <a href=\"https:\/\/www.lascumbresapart.com.ar\/politica-de-privacidad\/\">Pol\u00edtica de Privacidad<\/a>.<\/p><p><strong>Responsabilidad de los Contenidos y Enlaces<\/strong><\/p><p>Las Cumbres Apart &amp; Suites no se hace responsable del mal uso que se realice de los contenidos de su sitio web, siendo exclusiva responsabilidad del usuario que acceda a ellos o los utilice.<\/p><p>El sitio web puede contener enlaces a p\u00e1ginas externas sobre las cuales Las Cumbres Apart &amp; Suites no tiene control alguno, y respecto de las cuales declina toda responsabilidad por el contenido y exactitud de la informaci\u00f3n de dichas p\u00e1ginas web, as\u00ed como por la disponibilidad t\u00e9cnica de las mismas.<\/p><p><strong>Legislaci\u00f3n Aplicable y Jurisdicci\u00f3n<\/strong><\/p><p>El presente aviso legal se rige en todos y cada uno de sus extremos por la ley argentina. Para la resoluci\u00f3n de cualquier conflicto que pudiera derivarse del acceso al sitio web, el usuario y Las Cumbres Apart &amp; Suites acuerdan someterse expresamente a los juzgados y tribunales de San Mart\u00edn de los Andes, con renuncia a cualquier otro fuero general o especial que les pudiera corresponder.<\/p><p>Para cualquier consulta o contacto, puede dirigirse a nosotros a trav\u00e9s del correo electr\u00f3nico <a href=\"mailto:info@lascumbresapart.com\">info@lascumbresapart.com<\/a> o mediante el formulario de contacto disponible en el sitio web.<\/p>\t\t\t\t\t\t<\/div>\n\t\t\t\t<\/div>\n\t\t\t\t\t<\/div>\n\t\t\t\t<\/div>\n\t\t\t\t\t<\/div>\n\t\t\t\t<\/div>\n\t\t\t\t<\/div>\n\t\t","protected":false},"excerpt":{"rendered":"<p>Textos legales Home Textos legales Textos legales Aviso legal de Las Cumbres Apart &amp; Suites Aviso Legal Informaci\u00f3n General El presente aviso legal regula el uso del sitio web www.lascumbresapart.com (en adelante, \u00abel sitio web\u00bb), del cual es titular Las Cumbres Apart &amp; Suites, con domicilio en San Mart\u00edn de los Andes, Neuqu\u00e9n, Argentina. Condiciones [&hellip;]<\/p>\n","protected":false},"author":4,"featured_media":0,"parent":0,"menu_order":78,"comment_status":"closed","ping_status":"closed","template":"","meta":{"footnotes":""},"class_list":["post-684","page","type-page","status-publish","hentry"],"yoast_head":"<!-- This site is optimized with the Yoast SEO Premium plugin v22.8 (Yoast SEO v22.8) - https:\/\/yoast.com\/wordpress\/plugins\/seo\/ -->\n<title>Aviso legal - Las Cumbres Apart &amp; Suites, Patagonia<\/title>\n<meta name=\"description\" content=\"Visita el aviso legal de la web de Las Cumbres Apart &amp; Suites y reserva tu alojamiento en plena naturaleza en San Mart\u00edn de los Andes, en Patagonia.\" \/>\n<meta name=\"robots\" content=\"noindex, follow\" \/>\n<meta property=\"og:locale\" content=\"es_ES\" \/>\n<meta property=\"og:type\" content=\"article\" \/>\n<meta property=\"og:title\" content=\"Textos legales\" \/>\n<meta property=\"og:description\" content=\"Visita el aviso legal de la web de Las Cumbres Apart &amp; Suites y reserva tu alojamiento en plena naturaleza en San Mart\u00edn de los Andes, en Patagonia.\" \/>\n<meta property=\"og:url\" content=\"https:\/\/www.lascumbresapart.com.ar\/es\/aviso-legal\/\" \/>\n<meta property=\"og:site_name\" content=\"Las Cumbres Apart &amp; Suites\" \/>\n<meta property=\"article:modified_time\" content=\"2024-05-29T11:36:09+00:00\" \/>\n<meta property=\"og:image\" content=\"https:\/\/www.lascumbresapart.com.ar\/wp-content\/uploads\/2024\/08\/piscina.webp\" \/>\n\t<meta property=\"og:image:width\" content=\"1280\" \/>\n\t<meta property=\"og:image:height\" content=\"718\" \/>\n\t<meta property=\"og:image:type\" content=\"image\/webp\" \/>\n<meta name=\"twitter:card\" content=\"summary_large_image\" \/>\n<meta name=\"twitter:label1\" content=\"Tiempo de lectura\" \/>\n\t<meta name=\"twitter:data1\" content=\"3 minutos\" \/>\n<script type=\"application\/ld+json\" class=\"yoast-schema-graph\">{\"@context\":\"https:\/\/schema.org\",\"@graph\":[{\"@type\":\"WebPage\",\"@id\":\"https:\/\/www.lascumbresapart.com.ar\/es\/aviso-legal\/\",\"url\":\"https:\/\/www.lascumbresapart.com.ar\/es\/aviso-legal\/\",\"name\":\"Aviso legal - Las Cumbres Apart & Suites, Patagonia\",\"isPartOf\":{\"@id\":\"https:\/\/www.lascumbresapart.com.ar\/es\/#website\"},\"datePublished\":\"2024-03-07T10:52:01+00:00\",\"dateModified\":\"2024-05-29T11:36:09+00:00\",\"description\":\"Visita el aviso legal de la web de Las Cumbres Apart & Suites y reserva tu alojamiento en plena naturaleza en San Mart\u00edn de los Andes, en Patagonia.\",\"breadcrumb\":{\"@id\":\"https:\/\/www.lascumbresapart.com.ar\/es\/aviso-legal\/#breadcrumb\"},\"inLanguage\":\"es\",\"potentialAction\":[{\"@type\":\"ReadAction\",\"target\":[\"https:\/\/www.lascumbresapart.com.ar\/es\/aviso-legal\/\"]}]},{\"@type\":\"BreadcrumbList\",\"@id\":\"https:\/\/www.lascumbresapart.com.ar\/es\/aviso-legal\/#breadcrumb\",\"itemListElement\":[{\"@type\":\"ListItem\",\"position\":1,\"name\":\"Home\",\"item\":\"https:\/\/www.lascumbresapart.com.ar\/es\/\"},{\"@type\":\"ListItem\",\"position\":2,\"name\":\"Textos legales\"}]},{\"@type\":\"WebSite\",\"@id\":\"https:\/\/www.lascumbresapart.com.ar\/es\/#website\",\"url\":\"https:\/\/www.lascumbresapart.com.ar\/es\/\",\"name\":\"Las Cumbres Apart &amp; Suites\",\"description\":\"\",\"publisher\":{\"@id\":\"https:\/\/www.lascumbresapart.com.ar\/es\/#organization\"},\"potentialAction\":[{\"@type\":\"SearchAction\",\"target\":{\"@type\":\"EntryPoint\",\"urlTemplate\":\"https:\/\/www.lascumbresapart.com.ar\/es\/?s={search_term_string}\"},\"query-input\":\"required name=search_term_string\"}],\"inLanguage\":\"es\"},{\"@type\":\"Organization\",\"@id\":\"https:\/\/www.lascumbresapart.com.ar\/es\/#organization\",\"name\":\"Las Cumbres Apart &amp; Suites\",\"url\":\"https:\/\/www.lascumbresapart.com.ar\/es\/\",\"logo\":{\"@type\":\"ImageObject\",\"inLanguage\":\"es\",\"@id\":\"https:\/\/www.lascumbresapart.com.ar\/es\/#\/schema\/logo\/image\/\",\"url\":\"https:\/\/www.lascumbresapart.com.ar\/wp-content\/uploads\/2024\/02\/las-cumbres-horitzontal-white.svg\",\"contentUrl\":\"https:\/\/www.lascumbresapart.com.ar\/wp-content\/uploads\/2024\/02\/las-cumbres-horitzontal-white.svg\",\"caption\":\"Las Cumbres Apart &amp; Suites\"},\"image\":{\"@id\":\"https:\/\/www.lascumbresapart.com.ar\/es\/#\/schema\/logo\/image\/\"}}]}<\/script>\n<!-- \/ Yoast SEO Premium plugin. -->","yoast_head_json":{"title":"Aviso legal - Las Cumbres Apart & Suites, Patagonia","description":"Visita el aviso legal de la web de Las Cumbres Apart & Suites y reserva tu alojamiento en plena naturaleza en San Mart\u00edn de los Andes, en Patagonia.","robots":{"index":"noindex","follow":"follow"},"og_locale":"es_ES","og_type":"article","og_title":"Textos legales","og_description":"Visita el aviso legal de la web de Las Cumbres Apart & Suites y reserva tu alojamiento en plena naturaleza en San Mart\u00edn de los Andes, en Patagonia.","og_url":"https:\/\/www.lascumbresapart.com.ar\/es\/aviso-legal\/","og_site_name":"Las Cumbres Apart &amp; Suites","article_modified_time":"2024-05-29T11:36:09+00:00","og_image":[{"width":1280,"height":718,"url":"https:\/\/www.lascumbresapart.com.ar\/wp-content\/uploads\/2024\/08\/piscina.webp","type":"image\/webp"}],"twitter_card":"summary_large_image","twitter_misc":{"Tiempo de lectura":"3 minutos"},"schema":{"@context":"https:\/\/schema.org","@graph":[{"@type":"WebPage","@id":"https:\/\/www.lascumbresapart.com.ar\/es\/aviso-legal\/","url":"https:\/\/www.lascumbresapart.com.ar\/es\/aviso-legal\/","name":"Aviso legal - Las Cumbres Apart & Suites, Patagonia","isPartOf":{"@id":"https:\/\/www.lascumbresapart.com.ar\/es\/#website"},"datePublished":"2024-03-07T10:52:01+00:00","dateModified":"2024-05-29T11:36:09+00:00","description":"Visita el aviso legal de la web de Las Cumbres Apart & Suites y reserva tu alojamiento en plena naturaleza en San Mart\u00edn de los Andes, en Patagonia.","breadcrumb":{"@id":"https:\/\/www.lascumbresapart.com.ar\/es\/aviso-legal\/#breadcrumb"},"inLanguage":"es","potentialAction":[{"@type":"ReadAction","target":["https:\/\/www.lascumbresapart.com.ar\/es\/aviso-legal\/"]}]},{"@type":"BreadcrumbList","@id":"https:\/\/www.lascumbresapart.com.ar\/es\/aviso-legal\/#breadcrumb","itemListElement":[{"@type":"ListItem","position":1,"name":"Home","item":"https:\/\/www.lascumbresapart.com.ar\/es\/"},{"@type":"ListItem","position":2,"name":"Textos legales"}]},{"@type":"WebSite","@id":"https:\/\/www.lascumbresapart.com.ar\/es\/#website","url":"https:\/\/www.lascumbresapart.com.ar\/es\/","name":"Las Cumbres Apart &amp; Suites","description":"","publisher":{"@id":"https:\/\/www.lascumbresapart.com.ar\/es\/#organization"},"potentialAction":[{"@type":"SearchAction","target":{"@type":"EntryPoint","urlTemplate":"https:\/\/www.lascumbresapart.com.ar\/es\/?s={search_term_string}"},"query-input":"required name=search_term_string"}],"inLanguage":"es"},{"@type":"Organization","@id":"https:\/\/www.lascumbresapart.com.ar\/es\/#organization","name":"Las Cumbres Apart &amp; Suites","url":"https:\/\/www.lascumbresapart.com.ar\/es\/","logo":{"@type":"ImageObject","inLanguage":"es","@id":"https:\/\/www.lascumbresapart.com.ar\/es\/#\/schema\/logo\/image\/","url":"https:\/\/www.lascumbresapart.com.ar\/wp-content\/uploads\/2024\/02\/las-cumbres-horitzontal-white.svg","contentUrl":"https:\/\/www.lascumbresapart.com.ar\/wp-content\/uploads\/2024\/02\/las-cumbres-horitzontal-white.svg","caption":"Las Cumbres Apart &amp; Suites"},"image":{"@id":"https:\/\/www.lascumbresapart.com.ar\/es\/#\/schema\/logo\/image\/"}}]}},"_links":{"self":[{"href":"https:\/\/www.lascumbresapart.com.ar\/es\/wp-json\/wp\/v2\/pages\/684","targetHints":{"allow":["GET"]}}],"collection":[{"href":"https:\/\/www.lascumbresapart.com.ar\/es\/wp-json\/wp\/v2\/pages"}],"about":[{"href":"https:\/\/www.lascumbresapart.com.ar\/es\/wp-json\/wp\/v2\/types\/page"}],"author":[{"embeddable":true,"href":"https:\/\/www.lascumbresapart.com.ar\/es\/wp-json\/wp\/v2\/users\/4"}],"replies":[{"embeddable":true,"href":"https:\/\/www.lascumbresapart.com.ar\/es\/wp-json\/wp\/v2\/comments?post=684"}],"version-history":[{"count":40,"href":"https:\/\/www.lascumbresapart.com.ar\/es\/wp-json\/wp\/v2\/pages\/684\/revisions"}],"predecessor-version":[{"id":3343,"href":"https:\/\/www.lascumbresapart.com.ar\/es\/wp-json\/wp\/v2\/pages\/684\/revisions\/3343"}],"wp:attachment":[{"href":"https:\/\/www.lascumbresapart.com.ar\/es\/wp-json\/wp\/v2\/media?parent=684"}],"curies":[{"name":"wp","href":"https:\/\/api.w.org\/{rel}","templated":true}]}}